{"id":704,"date":"2020-12-19T20:39:42","date_gmt":"2020-12-19T18:39:42","guid":{"rendered":"http:\/\/www.convenciovalencianista.org\/?page_id=704"},"modified":"2020-12-19T20:56:01","modified_gmt":"2020-12-19T18:56:01","slug":"calendari","status":"publish","type":"page","link":"https:\/\/convenciovalencianista.org\/?page_id=704","title":{"rendered":"Calendari"},"content":{"rendered":"<div class=\"add_posts\"><div class=\"add_posts_content\" style=\"clear:both;\"><h2 class=\"title\" style=\"clear: none;\"><a href=\"https:\/\/convenciovalencianista.org\/?p=850\">Els acontenyiments que te perts<\/a><\/h2><div class=\"post-content\" style=\"clear:both\";><p><!-- wp:paragraph --><\/p>\n<p>Enguany, com l'any passat, el nostre calendari interassociatiu ve carregat de molts acontenyiments i, curiositats que te faran estimar a Val\u00e9ncia. Marques verdes que senyalisaran dies importants com ho es hui, dia 28 de giner.<\/p>\n<p><!-- \/wp:paragraph --><\/p>\n<p><!-- wp:paragraph --><\/p>\n<p>Corria l'any 1883 i fon precisament en este dia quan naixque en Val\u00e9ncia ciutat Ascensi\u00f3n Chirivella Mar\u00edn. Una dona destinada a trencar barreres i a convertir-se en tot un referent per a les dones, no nomes valencianes, sino que tambe per a les espanyoles.<\/p>\n<p><!-- \/wp:paragraph --><\/p>\n<p><!-- wp:paragraph --><\/p>\n<p>Ella consegui ser la primera dona llicenciada en Dret que pogue colegiar-se en Espanya per a eixercir d'advocada. Merit que durant molts anys li s'atribui a la malaguenya Victoria Kent. Pero com en aquell moment, l'historia ha volgut tornar-li lo seu i des de l'any passat, per fi, Ascensi\u00f3n ha recuperat l'importancia que mereix.<\/p>\n<p><!-- \/wp:paragraph --><\/p>\n<p><!-- wp:paragraph --><\/p>\n<p>Des de Convencio mos agradaria dedicar-li un menudiu homenage fins a que tinga el seu corresponent i mereixcut <a href=\"https:\/\/convenciovalencianista.org\/?page_id=12\">Tots els dies 9<\/a>. Un senzill homenage per a una dona molt gran que fon ferma defensora del nostre Dret Civil Valenci\u00e0. Ixc\u00e0 el temps mos torne, com ad ella, l'importancia que Val\u00e9ncia i el seu Dret Civil mereixen.<\/p>\n<p><!-- \/wp:paragraph --><\/p>\n<p><!-- wp:paragraph --><\/p>\n<p>Mentres, si voleu, podeu anar revisant el Calendari Interassociatiu d'enguany. Esta no es l'unica data a senyalar ni l'unic aconteniment important que vos espera en el seu interior. Esperem que vos siguen d'interes.  <\/p>\n<p><!-- \/wp:paragraph --><\/p>\n<p><!-- wp:image {\"align\":\"center\",\"id\":851,\"width\":276,\"height\":431,\"sizeSlug\":\"full\",\"linkDestination\":\"media\"} --><\/p>\n<div class=\"wp-block-image\">\n<figure class=\"aligncenter size-full is-resized\"><a href=\"https:\/\/convenciovalencianista.org\/wp-content\/uploads\/2022\/01\/Giner-2022.png\"><img loading=\"lazy\" decoding=\"async\" src=\"https:\/\/convenciovalencianista.org\/wp-content\/uploads\/2022\/01\/Giner-2022.png\" alt=\"\" class=\"wp-image-851\" width=\"276\" height=\"431\" srcset=\"https:\/\/convenciovalencianista.org\/wp-content\/uploads\/2022\/01\/Giner-2022.png 576w, https:\/\/convenciovalencianista.org\/wp-content\/uploads\/2022\/01\/Giner-2022-192x300.png 192w\" sizes=\"(max-width: 276px) 100vw, 276px\" \/><\/a><figcaption>Calendari interassociatiu valenci\u00e0. Mes de giner de 2022<\/figcaption><\/figure>\n<\/div>\n<p><!-- \/wp:image --><\/p>\n<\/div><hr style=\"margin:10px 0\"><\/div><div class=\"add_posts_content\" style=\"clear:both;\"><h2 class=\"title\" style=\"clear: none;\"><a href=\"https:\/\/convenciovalencianista.org\/?p=789\">\u00a1Ya est\u00e0 aci el Calendari Interassociatiu!<\/a><\/h2><div class=\"post-content\" style=\"clear:both\";><p><!-- wp:paragraph --><\/p>\n<p>Vore que cada dia es mes freq\u00fcent juntar associacions per a conseguir dur a terme un proyecte fa que des de fora resulte senzilla esta labor. I la veritat es que enguany ha segut aixina. El nostre teixit interassociatiu est\u00e0 mes unit que mai.<\/p>\n<p>Quan decidirem l\u2019any passat crear el Calendari interassocciatiu ho ferem des del convenciment ferm de que era una meta possible, per molt costos que resultara traure\u2019l avant. El resultat pronte mos donaria la rao; tant, que en poc mes de quinze dies haguerem de recorrer a una segona edicio. <\/p>\n<p>Enguany hem buscat destacar noves dates i incloure noves imagens; perque l\u2019intencio al dissenyar este calendari es no nomes facilitar que se puguen  anotar en ell els diferentes quefers o cites personals, sino tambe crear l\u2019ocasio de dependre part de la nostra historia, sobre els nostres personages mes ilustres i dels fets que d\u2019alguna manera nos han marcat com a poble.<\/p>\n<p><!-- \/wp:paragraph --><\/p>\n<p><!-- wp:paragraph --><\/p>\n<p>Enguany presentem una nova entrega plena de carinyo. Una nova ilusio feta realitat que esperem perdure inclus en el pas del temps i que nos ajude a vore que, cada dia mes, el valencianisme est\u00e0 creixent unit. <\/p>\n<p>\u00bfQui sap si en breu tornem a reviure aquelles multitudinaries reunions? Si es que per fi la Covid nos dona un respir per a juntar-nos i comprovar la for\u00e7a en la que estem creixent. Pero de moment, nomes un desig:<\/p>\n<p><!-- \/wp:paragraph --><\/p>\n<p><!-- wp:paragraph --><\/p>\n<p>Que pogau fruir d\u2019este calendari. La millor mostra de que tornem a colaborar i a estar \u00a1Tots junts!<\/p>\n<p><!-- \/wp:paragraph --><\/p>\n<p><!-- wp:image {\"id\":792,\"sizeSlug\":\"large\",\"linkDestination\":\"media\"} --><\/p>\n<figure class=\"wp-block-image size-large\"><a href=\"http:\/\/www.convenciovalencianista.org\/wp-content\/uploads\/2021\/11\/IMG-20211130-WA0013.jpg\"><img loading=\"lazy\" decoding=\"async\" width=\"1024\" height=\"683\" src=\"http:\/\/www.convenciovalencianista.org\/wp-content\/uploads\/2021\/11\/IMG-20211130-WA0013-1024x683.jpg\" alt=\"\" class=\"wp-image-792\" srcset=\"https:\/\/convenciovalencianista.org\/wp-content\/uploads\/2021\/11\/IMG-20211130-WA0013-1024x683.jpg 1024w, https:\/\/convenciovalencianista.org\/wp-content\/uploads\/2021\/11\/IMG-20211130-WA0013-300x200.jpg 300w, https:\/\/convenciovalencianista.org\/wp-content\/uploads\/2021\/11\/IMG-20211130-WA0013-768x512.jpg 768w, https:\/\/convenciovalencianista.org\/wp-content\/uploads\/2021\/11\/IMG-20211130-WA0013-1536x1024.jpg 1536w, https:\/\/convenciovalencianista.org\/wp-content\/uploads\/2021\/11\/IMG-20211130-WA0013.jpg 1599w\" sizes=\"(max-width: 1024px) 100vw, 1024px\" \/><\/a><\/figure>\n<p><!-- \/wp:image --><\/p>\n<\/div><hr style=\"margin:10px 0\"><\/div><div class=\"add_posts_content\" style=\"clear:both;\"><h2 class=\"title\" style=\"clear: none;\"><a href=\"https:\/\/convenciovalencianista.org\/?p=714\">Calendari interassociatiu de Convencio 2021<\/a><\/h2><div class=\"post-content\" style=\"clear:both\";><p>Un fabulos calendari\u00a0naixcut de la colaboracio de 5 entitats valencianistes.<a href=\"http:\/\/www.convenciovalencianista.org\/wp-content\/uploads\/2020\/12\/Segona-Edicio.jpg\"><img loading=\"lazy\" decoding=\"async\" class=\"wp-image-720 size-medium alignright\" src=\"http:\/\/www.convenciovalencianista.org\/wp-content\/uploads\/2020\/12\/Segona-Edicio-300x224.jpg\" alt=\"\" width=\"300\" height=\"224\" srcset=\"https:\/\/convenciovalencianista.org\/wp-content\/uploads\/2020\/12\/Segona-Edicio-300x224.jpg 300w, https:\/\/convenciovalencianista.org\/wp-content\/uploads\/2020\/12\/Segona-Edicio-768x574.jpg 768w, https:\/\/convenciovalencianista.org\/wp-content\/uploads\/2020\/12\/Segona-Edicio-1024x765.jpg 1024w, https:\/\/convenciovalencianista.org\/wp-content\/uploads\/2020\/12\/Segona-Edicio.jpg 1599w\" sizes=\"(max-width: 300px) 100vw, 300px\" \/><\/a><\/p>\n<p>Un anuari en el que podreu\u00a0reviure cada\u00a0un dels\u00a0acontenyiments historics ocorreguts en Val\u00e9ncia, o protagonisats per valencianes i valencians ilustres de tots els temps. Que ademes conta en\u00a0enlla\u00e7os\u00a0a pagines electroniques des d'a on poder profundisar mes en eixos fets i personages. I en la ferma voluntat de continuitat, perque cada any incorporarem noves dates i noves fotografies en l'intencio de compartir en tots la grandea valenciana, afegint la possibilitat de poder ser guardat com a\u00a0coleccio per a futures consultes.<\/p>\n<p>El preu\u00a0sera de 5 euros als que es sumar\u00e0, en cas d'enviament,\u00a0la tasa corresponent del servici d'entrega. Podent-se arreplegar personant-se en qualsevol de les associacions colaboradores o be encomanant-se per mig d'un correu electronic a\u00a0<a href=\"calendari@convenciovalencianista.org\">calendari@convenciovalencianista.org<\/a><\/p>\n<\/div><hr style=\"margin:10px 0\"><\/div><\/div><div style=\"clear: both;\"><\/div>\n<div id=\"gtx-trans\" style=\"position: absolute; left: 170px; top: 48px;\"><\/div>\n","protected":false},"excerpt":{"rendered":"","protected":false},"author":1,"featured_media":0,"parent":0,"menu_order":0,"comment_status":"closed","ping_status":"closed","template":"page-fullwidth.php","meta":{"footnotes":""},"yoast_head":"<!-- This site is optimized with the Yoast SEO plugin v21.5 - https:\/\/yoast.com\/wordpress\/plugins\/seo\/ -->\n<title>Calendari - Convenci\u00f3 Valencianista<\/title>\n<meta name=\"robots\" content=\"index, follow, max-snippet:-1, max-image-preview:large, max-video-preview:-1\" \/>\n<link rel=\"canonical\" href=\"https:\/\/convenciovalencianista.org\/?page_id=704\" \/>\n<meta property=\"og:locale\" content=\"es_ES\" \/>\n<meta property=\"og:type\" content=\"article\" \/>\n<meta property=\"og:title\" content=\"Calendari - Convenci\u00f3 Valencianista\" \/>\n<meta property=\"og:url\" content=\"https:\/\/convenciovalencianista.org\/?page_id=704\" \/>\n<meta property=\"og:site_name\" content=\"Convenci\u00f3 Valencianista\" \/>\n<meta property=\"article:modified_time\" content=\"2020-12-19T18:56:01+00:00\" \/>\n<meta name=\"twitter:card\" content=\"summary_large_image\" \/>\n<script type=\"application\/ld+json\" class=\"yoast-schema-graph\">{\"@context\":\"https:\/\/schema.org\",\"@graph\":[{\"@type\":\"WebPage\",\"@id\":\"https:\/\/convenciovalencianista.org\/?page_id=704\",\"url\":\"https:\/\/convenciovalencianista.org\/?page_id=704\",\"name\":\"Calendari - Convenci\u00f3 Valencianista\",\"isPartOf\":{\"@id\":\"https:\/\/convenciovalencianista.org\/#website\"},\"datePublished\":\"2020-12-19T18:39:42+00:00\",\"dateModified\":\"2020-12-19T18:56:01+00:00\",\"breadcrumb\":{\"@id\":\"https:\/\/convenciovalencianista.org\/?page_id=704#breadcrumb\"},\"inLanguage\":\"es\",\"potentialAction\":[{\"@type\":\"ReadAction\",\"target\":[\"https:\/\/convenciovalencianista.org\/?page_id=704\"]}]},{\"@type\":\"BreadcrumbList\",\"@id\":\"https:\/\/convenciovalencianista.org\/?page_id=704#breadcrumb\",\"itemListElement\":[{\"@type\":\"ListItem\",\"position\":1,\"name\":\"Portada\",\"item\":\"https:\/\/convenciovalencianista.org\/\"},{\"@type\":\"ListItem\",\"position\":2,\"name\":\"Calendari\"}]},{\"@type\":\"WebSite\",\"@id\":\"https:\/\/convenciovalencianista.org\/#website\",\"url\":\"https:\/\/convenciovalencianista.org\/\",\"name\":\"Convenci\u00f3 Valencianista\",\"description\":\"\",\"potentialAction\":[{\"@type\":\"SearchAction\",\"target\":{\"@type\":\"EntryPoint\",\"urlTemplate\":\"https:\/\/convenciovalencianista.org\/?s={search_term_string}\"},\"query-input\":\"required name=search_term_string\"}],\"inLanguage\":\"es\"}]}<\/script>\n<!-- \/ Yoast SEO plugin. -->","yoast_head_json":{"title":"Calendari - Convenci\u00f3 Valencianista","robots":{"index":"index","follow":"follow","max-snippet":"max-snippet:-1","max-image-preview":"max-image-preview:large","max-video-preview":"max-video-preview:-1"},"canonical":"https:\/\/convenciovalencianista.org\/?page_id=704","og_locale":"es_ES","og_type":"article","og_title":"Calendari - Convenci\u00f3 Valencianista","og_url":"https:\/\/convenciovalencianista.org\/?page_id=704","og_site_name":"Convenci\u00f3 Valencianista","article_modified_time":"2020-12-19T18:56:01+00:00","twitter_card":"summary_large_image","schema":{"@context":"https:\/\/schema.org","@graph":[{"@type":"WebPage","@id":"https:\/\/convenciovalencianista.org\/?page_id=704","url":"https:\/\/convenciovalencianista.org\/?page_id=704","name":"Calendari - Convenci\u00f3 Valencianista","isPartOf":{"@id":"https:\/\/convenciovalencianista.org\/#website"},"datePublished":"2020-12-19T18:39:42+00:00","dateModified":"2020-12-19T18:56:01+00:00","breadcrumb":{"@id":"https:\/\/convenciovalencianista.org\/?page_id=704#breadcrumb"},"inLanguage":"es","potentialAction":[{"@type":"ReadAction","target":["https:\/\/convenciovalencianista.org\/?page_id=704"]}]},{"@type":"BreadcrumbList","@id":"https:\/\/convenciovalencianista.org\/?page_id=704#breadcrumb","itemListElement":[{"@type":"ListItem","position":1,"name":"Portada","item":"https:\/\/convenciovalencianista.org\/"},{"@type":"ListItem","position":2,"name":"Calendari"}]},{"@type":"WebSite","@id":"https:\/\/convenciovalencianista.org\/#website","url":"https:\/\/convenciovalencianista.org\/","name":"Convenci\u00f3 Valencianista","description":"","potentialAction":[{"@type":"SearchAction","target":{"@type":"EntryPoint","urlTemplate":"https:\/\/convenciovalencianista.org\/?s={search_term_string}"},"query-input":"required name=search_term_string"}],"inLanguage":"es"}]}},"_links":{"self":[{"href":"https:\/\/convenciovalencianista.org\/index.php?rest_route=\/wp\/v2\/pages\/704"}],"collection":[{"href":"https:\/\/convenciovalencianista.org\/index.php?rest_route=\/wp\/v2\/pages"}],"about":[{"href":"https:\/\/convenciovalencianista.org\/index.php?rest_route=\/wp\/v2\/types\/page"}],"author":[{"embeddable":true,"href":"https:\/\/convenciovalencianista.org\/index.php?rest_route=\/wp\/v2\/users\/1"}],"replies":[{"embeddable":true,"href":"https:\/\/convenciovalencianista.org\/index.php?rest_route=%2Fwp%2Fv2%2Fcomments&post=704"}],"version-history":[{"count":4,"href":"https:\/\/convenciovalencianista.org\/index.php?rest_route=\/wp\/v2\/pages\/704\/revisions"}],"predecessor-version":[{"id":713,"href":"https:\/\/convenciovalencianista.org\/index.php?rest_route=\/wp\/v2\/pages\/704\/revisions\/713"}],"wp:attachment":[{"href":"https:\/\/convenciovalencianista.org\/index.php?rest_route=%2Fwp%2Fv2%2Fmedia&parent=704"}],"curies":[{"name":"wp","href":"https:\/\/api.w.org\/{rel}","templated":true}]}}